{"id":1322,"date":"2024-12-11T02:06:15","date_gmt":"2024-12-11T02:06:15","guid":{"rendered":"https:\/\/cigarsommelier.org\/web\/?post_type=product&#038;p=1322"},"modified":"2026-01-04T04:06:54","modified_gmt":"2026-01-04T04:06:54","slug":"cigar-sommelier-ciudad-de-mexico","status":"publish","type":"product","link":"https:\/\/cigarsommelier.org\/web\/producto\/cigar-sommelier-ciudad-de-mexico\/","title":{"rendered":"Cigar Sommelier M\u00e9xico 2026"},"content":{"rendered":"<p>\u00a1Hola, CDMX!<\/p>\n<p>Este curso abarca todo el material necesario para aprender sobre el mundo del tabaco, la cata y el maridaje. Aunque el programa est\u00e1 dise\u00f1ado inicialmente para profesionales de la hosteler\u00eda, los aficionados son m\u00e1s que bienvenidos a participar.<\/p>\n<p>Las habilidades desarrolladas en este programa se pueden utilizar tanto para ofrecer un servicio excepcional en el \u00e1rea de la hospitalidad como para que los entusiastas de los puros alcancen un nuevo nivel de disfrute.<\/p>\n<p>El curso se llevar\u00e1 a cabo del 17 al 20 de marzo de 18:00 a 22:00 horas. El precio es de 650 d\u00f3lares y los lugares exactos en la Ciudad de M\u00e9xico est\u00e1n por confirmarse.<\/p>\n","protected":false},"excerpt":{"rendered":"<p>Maximum 24 hours after your purchase you will receive an email with your access credentials.<\/p>\n<a class=\"button  button_size_2 button_dark\" href=\"https:\/\/www.flipsnack.com\/cigarsommelier\/csd-mexico-2026\/full-view.html\" target=\"_blank\"   ><span class=\"button_label\">BROCHURE<\/span><\/a>\n\n","protected":false},"featured_media":1419,"comment_status":"open","ping_status":"closed","template":"","meta":[],"product_cat":[17],"product_tag":[],"_links":{"self":[{"href":"https:\/\/cigarsommelier.org\/web\/wp-json\/wp\/v2\/product\/1322"}],"collection":[{"href":"https:\/\/cigarsommelier.org\/web\/wp-json\/wp\/v2\/product"}],"about":[{"href":"https:\/\/cigarsommelier.org\/web\/wp-json\/wp\/v2\/types\/product"}],"replies":[{"embeddable":true,"href":"https:\/\/cigarsommelier.org\/web\/wp-json\/wp\/v2\/comments?post=1322"}],"version-history":[{"count":5,"href":"https:\/\/cigarsommelier.org\/web\/wp-json\/wp\/v2\/product\/1322\/revisions"}],"predecessor-version":[{"id":1476,"href":"https:\/\/cigarsommelier.org\/web\/wp-json\/wp\/v2\/product\/1322\/revisions\/1476"}],"wp:featuredmedia":[{"embeddable":true,"href":"https:\/\/cigarsommelier.org\/web\/wp-json\/wp\/v2\/media\/1419"}],"wp:attachment":[{"href":"https:\/\/cigarsommelier.org\/web\/wp-json\/wp\/v2\/media?parent=1322"}],"wp:term":[{"taxonomy":"product_cat","embeddable":true,"href":"https:\/\/cigarsommelier.org\/web\/wp-json\/wp\/v2\/product_cat?post=1322"},{"taxonomy":"product_tag","embeddable":true,"href":"https:\/\/cigarsommelier.org\/web\/wp-json\/wp\/v2\/product_tag?post=1322"}],"curies":[{"name":"wp","href":"https:\/\/api.w.org\/{rel}","templated":true}]}}