{"id":936,"date":"2022-11-18T20:57:33","date_gmt":"2022-11-18T20:57:33","guid":{"rendered":"https:\/\/cigarsommelier.org\/web\/?post_type=product&#038;p=936"},"modified":"2026-01-04T03:57:44","modified_gmt":"2026-01-04T03:57:44","slug":"cigar-sommelier-sao-paulo","status":"publish","type":"product","link":"https:\/\/cigarsommelier.org\/web\/producto\/cigar-sommelier-sao-paulo\/","title":{"rendered":"Cigar Sommelier Sao Paulo 2026"},"content":{"rendered":"<p>Este treinamento inclui todo o material para se familiarizar com o servi\u00e7o, degusta\u00e7\u00e3o e harmoniza\u00e7\u00e3o de charutos. Este programa foi originalmente desenvolvido para profissionais da \u00e1rea de hospitalidade, mas os aficionados s\u00e3o convidados a participar. As habilidades desenvolvidas neste programa podem ser usadas para fornecer um servi\u00e7o excepcional \u00e0 hospitalidade ou para alcan\u00e7ar um novo n\u00edvel de desfrute para os entusiastas de charutos.<\/p>\n<p>O treinamento acontecer\u00e1 de 28 de fevereiro e 1 de mar\u00e7o de 2026 no Chateau Lounge<\/p>\n","protected":false},"excerpt":{"rendered":"<p>No m\u00e1ximo 24 horas ap\u00f3s a sua compra, voc\u00ea receber\u00e1 um e-mail com suas credenciais de acesso ao material de prepara\u00e7\u00e3o.<\/p>\n<a class=\"button  button_size_2 button_dark\" href=\"https:\/\/www.flipsnack.com\/cigarsommelier\/csd-sao-paulo-2026\/full-view.html\" target=\"_blank\"   ><span class=\"button_label\">BROCHURE<\/span><\/a>\n\n","protected":false},"featured_media":941,"comment_status":"open","ping_status":"closed","template":"","meta":[],"product_cat":[17],"product_tag":[],"_links":{"self":[{"href":"https:\/\/cigarsommelier.org\/web\/wp-json\/wp\/v2\/product\/936"}],"collection":[{"href":"https:\/\/cigarsommelier.org\/web\/wp-json\/wp\/v2\/product"}],"about":[{"href":"https:\/\/cigarsommelier.org\/web\/wp-json\/wp\/v2\/types\/product"}],"replies":[{"embeddable":true,"href":"https:\/\/cigarsommelier.org\/web\/wp-json\/wp\/v2\/comments?post=936"}],"version-history":[{"count":14,"href":"https:\/\/cigarsommelier.org\/web\/wp-json\/wp\/v2\/product\/936\/revisions"}],"predecessor-version":[{"id":1474,"href":"https:\/\/cigarsommelier.org\/web\/wp-json\/wp\/v2\/product\/936\/revisions\/1474"}],"wp:featuredmedia":[{"embeddable":true,"href":"https:\/\/cigarsommelier.org\/web\/wp-json\/wp\/v2\/media\/941"}],"wp:attachment":[{"href":"https:\/\/cigarsommelier.org\/web\/wp-json\/wp\/v2\/media?parent=936"}],"wp:term":[{"taxonomy":"product_cat","embeddable":true,"href":"https:\/\/cigarsommelier.org\/web\/wp-json\/wp\/v2\/product_cat?post=936"},{"taxonomy":"product_tag","embeddable":true,"href":"https:\/\/cigarsommelier.org\/web\/wp-json\/wp\/v2\/product_tag?post=936"}],"curies":[{"name":"wp","href":"https:\/\/api.w.org\/{rel}","templated":true}]}}